{"id":701,"date":"2024-12-09T16:19:47","date_gmt":"2024-12-09T15:19:47","guid":{"rendered":"https:\/\/www.oliver-polak.at\/wordpress1\/?page_id=701"},"modified":"2025-07-07T09:27:23","modified_gmt":"2025-07-07T07:27:23","slug":"psychotherapie","status":"publish","type":"page","link":"https:\/\/www.oliver-polak.at\/wordpress1\/psychotherapie\/","title":{"rendered":"Psychotherapie II"},"content":{"rendered":"<p>[et_pb_section fb_built=&#8220;1&#8243; fullwidth=&#8220;on&#8220; admin_label=&#8220;Sektion&#8220; _builder_version=&#8220;4.11.3&#8243; _module_preset=&#8220;default&#8220; global_module=&#8220;252&#8243; global_colors_info=&#8220;{}&#8220;][et_pb_fullwidth_menu menu_style=&#8220;centered&#8220; active_link_color=&#8220;#000c91&#8243; dropdown_menu_bg_color=&#8220;#8300E9&#8243; dropdown_menu_line_color=&#8220;#8300E9&#8243; _builder_version=&#8220;4.16&#8243; _module_preset=&#8220;default&#8220; menu_text_color=&#8220;#000c91&#8243; menu_font_size=&#8220;20px&#8220; menu_letter_spacing=&#8220;3px&#8220; background_color=&#8220;#FFFFFF&#8220; background_layout=&#8220;dark&#8220; border_width_all=&#8220;2px&#8220; border_color_all=&#8220;#FFFFFF&#8220; global_colors_info=&#8220;{}&#8220;][\/et_pb_fullwidth_menu][\/et_pb_section][et_pb_section fb_built=&#8220;1&#8243; fullwidth=&#8220;on&#8220; admin_label=&#8220;Header Section&#8220; _builder_version=&#8220;4.16&#8243; width=&#8220;100%&#8220; max_width_tablet=&#8220;&#8220; max_width_phone=&#8220;100%&#8220; max_width_last_edited=&#8220;on|desktop&#8220; module_alignment=&#8220;center&#8220; min_height=&#8220;400px&#8220; height=&#8220;400px&#8220; max_height=&#8220;511px&#8220; module_alignment_tablet=&#8220;&#8220; module_alignment_phone=&#8220;&#8220; module_alignment_last_edited=&#8220;on|desktop&#8220; global_colors_info=&#8220;{}&#8220;][et_pb_fullwidth_header title=&#8220;Psychotherapie&#8220; text_orientation=&#8220;right&#8220; background_overlay_color=&#8220;rgba(0,0,0,0.4)&#8220; title_tablet=&#8220;Psychotherapie&#8220; title_phone=&#8220;Psychotherapie&#8220; title_last_edited=&#8220;on|phone&#8220; content_max_width_last_edited=&#8220;off|desktop&#8220; admin_label=&#8220;Contents&#8220; _builder_version=&#8220;4.16&#8243; title_font=&#8220;||||||||&#8220; title_text_align=&#8220;justify&#8220; title_text_color=&#8220;#758BEF&#8220; title_font_size=&#8220;70px&#8220; title_line_height=&#8220;1.9em&#8220; subhead_font=&#8220;|600|on||||||&#8220; subhead_text_color=&#8220;#758BEF&#8220; subhead_font_size=&#8220;54px&#8220; subhead_letter_spacing=&#8220;5px&#8220; subhead_line_height=&#8220;2.5em&#8220; background_color=&#8220;rgba(255, 255, 255, 0)&#8220; background_image=&#8220;https:\/\/www.oliver-polak.at\/wordpress1\/wp-content\/uploads\/2021\/10\/Weinberg_unter.jpg&#8220; custom_button_one=&#8220;on&#8220; button_one_text_size=&#8220;15px&#8220; button_one_bg_color=&#8220;#dca57d&#8220; button_one_border_width=&#8220;10px&#8220; button_one_border_color=&#8220;#dca57d&#8220; button_one_border_radius=&#8220;0px&#8220; button_one_letter_spacing=&#8220;3px&#8220; button_one_font=&#8220;Oswald|||on|&#8220; button_one_use_icon=&#8220;off&#8220; background_layout=&#8220;light&#8220; min_height=&#8220;392px&#8220; custom_margin=&#8220;||-34px|||&#8220; custom_padding=&#8220;||||false|false&#8220; filter_saturate=&#8220;104%&#8220; filter_brightness=&#8220;149%&#8220; filter_contrast=&#8220;118%&#8220; animation_style=&#8220;fade&#8220; animation_starting_opacity=&#8220;50%&#8220; animation_speed_curve=&#8220;ease-in&#8220; title_font_size_tablet=&#8220;60px&#8220; title_font_size_phone=&#8220;40px&#8220; title_font_size_last_edited=&#8220;on|tablet&#8220; background_last_edited=&#8220;on|phone&#8220; title_text_shadow_style=&#8220;preset2&#8243; subhead_text_shadow_style=&#8220;preset2&#8243; button_one_border_color_hover=&#8220;#c99872&#8243; button_one_border_radius_hover=&#8220;0px&#8220; button_one_letter_spacing_hover=&#8220;3px&#8220; button_one_bg_color_hover=&#8220;#c99872&#8243; global_colors_info=&#8220;{}&#8220; button_one_text_size__hover_enabled=&#8220;off&#8220; button_two_text_size__hover_enabled=&#8220;off&#8220; button_one_text_color__hover_enabled=&#8220;off&#8220; button_two_text_color__hover_enabled=&#8220;off&#8220; button_one_border_width__hover_enabled=&#8220;off&#8220; button_two_border_width__hover_enabled=&#8220;off&#8220; button_one_border_color__hover_enabled=&#8220;on&#8220; button_one_border_color__hover=&#8220;#c99872&#8243; button_two_border_color__hover_enabled=&#8220;off&#8220; button_one_border_radius__hover_enabled=&#8220;on&#8220; button_one_border_radius__hover=&#8220;0px&#8220; button_two_border_radius__hover_enabled=&#8220;off&#8220; button_one_letter_spacing__hover_enabled=&#8220;on&#8220; button_one_letter_spacing__hover=&#8220;3px&#8220; button_two_letter_spacing__hover_enabled=&#8220;off&#8220; button_one_bg_color__hover_enabled=&#8220;on&#8220; button_one_bg_color__hover=&#8220;#c99872&#8243; button_two_bg_color__hover_enabled=&#8220;off&#8220;][\/et_pb_fullwidth_header][\/et_pb_section][et_pb_section fb_built=&#8220;1&#8243; _builder_version=&#8220;4.16&#8243; _module_preset=&#8220;default&#8220; min_height=&#8220;27px&#8220; height=&#8220;198px&#8220; max_height=&#8220;466px&#8220; custom_margin=&#8220;0px||||false|false&#8220; custom_margin_tablet=&#8220;&#8220; custom_margin_phone=&#8220;&#8220; custom_margin_last_edited=&#8220;on|desktop&#8220; custom_padding=&#8220;2px|||||&#8220; global_colors_info=&#8220;{}&#8220;][et_pb_row _builder_version=&#8220;4.16&#8243; _module_preset=&#8220;default&#8220; min_height=&#8220;65px&#8220; custom_padding=&#8220;||33px|||&#8220; global_colors_info=&#8220;{}&#8220;][et_pb_column type=&#8220;4_4&#8243; _builder_version=&#8220;4.16&#8243; _module_preset=&#8220;default&#8220; global_colors_info=&#8220;{}&#8220;][et_pb_text _builder_version=&#8220;4.27.4&#8243; _module_preset=&#8220;default&#8220; global_colors_info=&#8220;{}&#8220;]<\/p>\n<p>Ich arbeite sowohl mit Kindern und Jugendlichen als auch mit Erwachsenen, vorwiegend im Einzelsetting. Auf Anfrage gerne auch mit Gruppen (Therapie, Moderationen, Supervision, &#8230;.).<\/p>\n<p>[\/et_pb_text][\/et_pb_column][\/et_pb_row][\/et_pb_section][et_pb_section fb_built=&#8220;1&#8243; _builder_version=&#8220;4.16&#8243; _module_preset=&#8220;default&#8220; min_height=&#8220;328px&#8220; height=&#8220;479px&#8220; max_height=&#8220;647px&#8220; custom_margin=&#8220;-70px||||false|false&#8220; custom_margin_tablet=&#8220;&#8220; custom_margin_phone=&#8220;&#8220; custom_margin_last_edited=&#8220;on|desktop&#8220; custom_padding=&#8220;0px|||||&#8220; global_colors_info=&#8220;{}&#8220;][et_pb_row column_structure=&#8220;1_2,1_2&#8243; _builder_version=&#8220;4.27.4&#8243; _module_preset=&#8220;default&#8220; global_colors_info=&#8220;{}&#8220;][et_pb_column type=&#8220;1_2&#8243; _builder_version=&#8220;4.16&#8243; _module_preset=&#8220;default&#8220; global_colors_info=&#8220;{}&#8220;][et_pb_text _builder_version=&#8220;4.27.4&#8243; _module_preset=&#8220;default&#8220; text_text_color=&#8220;#000c91&#8243; global_colors_info=&#8220;{}&#8220;]<\/p>\n<p><strong>Vor allem folgende Menschen finden den Weg in meine Praxis:<\/strong><\/p>\n<ul>\n<li>Suchende, die sich mehr Orientierung und Richtung w\u00fcnschen.<\/li>\n<li>Personen, die unter \u00c4ngsten und Zw\u00e4ngen leiden.<\/li>\n<li>Von Krisen Gebeutelte (Verlust, Trennung, Arbeitslosigkeit, Gewalt, \u2026).<\/li>\n<li>Kinder und Jugendliche, die Probleme mit ihrer Umwelt haben.<\/li>\n<li>Menschen, die sich nicht heteronormativ, bin\u00e4r und\/oder cis-geschlechtlich definieren.<\/li>\n<li>Eltern, die mit ihren Kindern nicht zurechtkommen.<\/li>\n<li>Personen, die im Leben zu kurz kommen.<\/li>\n<li>Antriebslose und Ersch\u00f6pfte.<\/li>\n<li>Neugierige, die gerne mehr \u00fcber sich selbst erfahren wollen.<\/li>\n<\/ul>\n<p><strong>Ausbildungen:<\/strong><\/p>\n<ul>\n<li>Studium der Handelswissenschaften (WU Wien)<\/li>\n<li>Systemisch-Analytisches Coaching (ESBA)<\/li>\n<li>Prop\u00e4deutikum (APG)<\/li>\n<li>Fachspezifikum Integrative Gestalttherapie (IG Wien)<\/li>\n<li>Kinder- und Jugendcurriculum Integrative Gestalttherapie (IG Wien)<\/li>\n<li><strong>E<\/strong>ye <strong>M<\/strong>ovement <strong>D<\/strong>esensitization and <strong>R<\/strong>eprocessing (EMDR-Institut Austria)<\/li>\n<\/ul>\n<p>[\/et_pb_text][\/et_pb_column][et_pb_column type=&#8220;1_2&#8243; _builder_version=&#8220;4.16&#8243; _module_preset=&#8220;default&#8220; global_colors_info=&#8220;{}&#8220;][et_pb_image src=&#8220;https:\/\/www.oliver-polak.at\/wordpress1\/wp-content\/uploads\/2021\/10\/cropped-Blume_Sessel1.jpg&#8220; title_text=&#8220;cropped-Blume_Sessel1.jpg&#8220; src_tablet=&#8220;https:\/\/www.oliver-polak.at\/wordpress1\/wp-content\/uploads\/2021\/10\/cropped-Blume_Sessel1.jpg&#8220; src_phone=&#8220;https:\/\/www.oliver-polak.at\/wordpress1\/wp-content\/uploads\/2021\/10\/cropped-Blume_Sessel1.jpg&#8220; src_last_edited=&#8220;on|phone&#8220; align_tablet=&#8220;&#8220; align_phone=&#8220;&#8220; align_last_edited=&#8220;on|phone&#8220; _builder_version=&#8220;4.27.4&#8243; _module_preset=&#8220;default&#8220; transform_scale=&#8220;116%|116%&#8220; min_height=&#8220;0px&#8220; custom_margin_tablet=&#8220;80px||170px|43px|false|false&#8220; custom_margin_phone=&#8220;||116px|14px|false|false&#8220; custom_margin_last_edited=&#8220;on|phone&#8220; global_colors_info=&#8220;{}&#8220;][\/et_pb_image][\/et_pb_column][\/et_pb_row][\/et_pb_section][et_pb_section fb_built=&#8220;1&#8243; _builder_version=&#8220;4.16&#8243; _module_preset=&#8220;default&#8220; min_height=&#8220;328px&#8220; height=&#8220;479px&#8220; max_height=&#8220;647px&#8220; custom_margin=&#8220;-70px||-230px||false|false&#8220; custom_margin_tablet=&#8220;204px||||false|false&#8220; custom_margin_phone=&#8220;-34px||-335px||false|false&#8220; custom_margin_last_edited=&#8220;on|tablet&#8220; global_colors_info=&#8220;{}&#8220;][et_pb_row column_structure=&#8220;1_2,1_2&#8243; _builder_version=&#8220;4.27.4&#8243; _module_preset=&#8220;default&#8220; global_colors_info=&#8220;{}&#8220;][et_pb_column type=&#8220;1_2&#8243; _builder_version=&#8220;4.16&#8243; _module_preset=&#8220;default&#8220; global_colors_info=&#8220;{}&#8220;][\/et_pb_column][et_pb_column type=&#8220;1_2&#8243; _builder_version=&#8220;4.16&#8243; _module_preset=&#8220;default&#8220; global_colors_info=&#8220;{}&#8220;][\/et_pb_column][\/et_pb_row][\/et_pb_section]<\/p>\n","protected":false},"excerpt":{"rendered":"<p>Ich arbeite sowohl mit Kindern und Jugendlichen als auch mit Erwachsenen, vorwiegend im Einzelsetting. Auf Anfrage gerne auch mit Gruppen (Therapie, Moderationen, Supervision, &#8230;.).Vor allem folgende Menschen finden den Weg in meine Praxis: Suchende, die sich mehr Orientierung und Richtung w\u00fcnschen. Personen, die unter \u00c4ngsten und Zw\u00e4ngen leiden. Von Krisen Gebeutelte (Verlust, Trennung, Arbeitslosigkeit, Gewalt, [&hellip;]<\/p>\n","protected":false},"author":1,"featured_media":0,"parent":0,"menu_order":0,"comment_status":"closed","ping_status":"closed","template":"","meta":{"_et_pb_use_builder":"on","_et_pb_old_content":"","_et_gb_content_width":"","footnotes":""},"class_list":["post-701","page","type-page","status-publish","hentry"],"_links":{"self":[{"href":"https:\/\/www.oliver-polak.at\/wordpress1\/wp-json\/wp\/v2\/pages\/701","targetHints":{"allow":["GET"]}}],"collection":[{"href":"https:\/\/www.oliver-polak.at\/wordpress1\/wp-json\/wp\/v2\/pages"}],"about":[{"href":"https:\/\/www.oliver-polak.at\/wordpress1\/wp-json\/wp\/v2\/types\/page"}],"author":[{"embeddable":true,"href":"https:\/\/www.oliver-polak.at\/wordpress1\/wp-json\/wp\/v2\/users\/1"}],"replies":[{"embeddable":true,"href":"https:\/\/www.oliver-polak.at\/wordpress1\/wp-json\/wp\/v2\/comments?post=701"}],"version-history":[{"count":9,"href":"https:\/\/www.oliver-polak.at\/wordpress1\/wp-json\/wp\/v2\/pages\/701\/revisions"}],"predecessor-version":[{"id":741,"href":"https:\/\/www.oliver-polak.at\/wordpress1\/wp-json\/wp\/v2\/pages\/701\/revisions\/741"}],"wp:attachment":[{"href":"https:\/\/www.oliver-polak.at\/wordpress1\/wp-json\/wp\/v2\/media?parent=701"}],"curies":[{"name":"wp","href":"https:\/\/api.w.org\/{rel}","templated":true}]}}