{"id":693,"date":"2024-12-09T15:57:43","date_gmt":"2024-12-09T14:57:43","guid":{"rendered":"https:\/\/www.oliver-polak.at\/wordpress1\/?page_id=693"},"modified":"2024-12-15T09:28:09","modified_gmt":"2024-12-15T08:28:09","slug":"ueber-mich-2","status":"publish","type":"page","link":"https:\/\/www.oliver-polak.at\/wordpress1\/ueber-mich-2\/","title":{"rendered":"\u00dcber mich II"},"content":{"rendered":"<p>[et_pb_section fb_built=&#8220;1&#8243; fullwidth=&#8220;on&#8220; admin_label=&#8220;Sektion&#8220; _builder_version=&#8220;4.11.3&#8243; _module_preset=&#8220;default&#8220; global_module=&#8220;252&#8243; global_colors_info=&#8220;{}&#8220;][et_pb_fullwidth_menu menu_style=&#8220;centered&#8220; active_link_color=&#8220;#000c91&#8243; dropdown_menu_bg_color=&#8220;#8300E9&#8243; dropdown_menu_line_color=&#8220;#8300E9&#8243; _builder_version=&#8220;4.16&#8243; _module_preset=&#8220;default&#8220; menu_text_color=&#8220;#000c91&#8243; menu_font_size=&#8220;20px&#8220; menu_letter_spacing=&#8220;3px&#8220; background_color=&#8220;#FFFFFF&#8220; background_layout=&#8220;dark&#8220; border_width_all=&#8220;2px&#8220; border_color_all=&#8220;#FFFFFF&#8220; global_colors_info=&#8220;{}&#8220;][\/et_pb_fullwidth_menu][\/et_pb_section][et_pb_section fb_built=&#8220;1&#8243; fullwidth=&#8220;on&#8220; admin_label=&#8220;Header Section&#8220; _builder_version=&#8220;4.16&#8243; width=&#8220;100%&#8220; max_width_tablet=&#8220;&#8220; max_width_phone=&#8220;100%&#8220; max_width_last_edited=&#8220;on|desktop&#8220; module_alignment=&#8220;center&#8220; min_height=&#8220;400px&#8220; height=&#8220;400px&#8220; max_height=&#8220;511px&#8220; module_alignment_tablet=&#8220;&#8220; module_alignment_phone=&#8220;&#8220; module_alignment_last_edited=&#8220;on|desktop&#8220; global_colors_info=&#8220;{}&#8220;][et_pb_fullwidth_header title=&#8220;\u00dcber mich                                           &#8220; text_orientation=&#8220;right&#8220; background_overlay_color=&#8220;rgba(0,0,0,0.4)&#8220; title_tablet=&#8220;\u00dcber mich&#8220; title_phone=&#8220;\u00dcber mich&#8220; title_last_edited=&#8220;on|phone&#8220; content_max_width_last_edited=&#8220;off|desktop&#8220; admin_label=&#8220;Contents&#8220; _builder_version=&#8220;4.16&#8243; title_font=&#8220;||||||||&#8220; title_text_align=&#8220;left&#8220; title_text_color=&#8220;#758BEF&#8220; title_font_size=&#8220;70px&#8220; title_line_height=&#8220;1.9em&#8220; subhead_font=&#8220;|600|on||||||&#8220; subhead_text_color=&#8220;#758BEF&#8220; subhead_font_size=&#8220;54px&#8220; subhead_letter_spacing=&#8220;5px&#8220; subhead_line_height=&#8220;2.5em&#8220; background_color=&#8220;rgba(255, 255, 255, 0)&#8220; background_image=&#8220;https:\/\/www.oliver-polak.at\/wordpress1\/wp-content\/uploads\/2021\/10\/Birnbaum.jpg&#8220; parallax=&#8220;on&#8220; custom_button_one=&#8220;on&#8220; button_one_text_size=&#8220;15px&#8220; button_one_bg_color=&#8220;#dca57d&#8220; button_one_border_width=&#8220;10px&#8220; button_one_border_color=&#8220;#dca57d&#8220; button_one_border_radius=&#8220;0px&#8220; button_one_letter_spacing=&#8220;3px&#8220; button_one_font=&#8220;Oswald|||on|&#8220; button_one_use_icon=&#8220;off&#8220; background_layout=&#8220;light&#8220; min_height=&#8220;392px&#8220; custom_margin=&#8220;||-34px|||&#8220; custom_padding=&#8220;||||false|false&#8220; filter_saturate=&#8220;104%&#8220; filter_brightness=&#8220;149%&#8220; filter_contrast=&#8220;118%&#8220; animation_style=&#8220;fade&#8220; animation_starting_opacity=&#8220;50%&#8220; animation_speed_curve=&#8220;ease-in&#8220; title_text_align_tablet=&#8220;&#8220; title_text_align_phone=&#8220;&#8220; title_text_align_last_edited=&#8220;on|phone&#8220; title_font_size_tablet=&#8220;60px&#8220; title_font_size_phone=&#8220;40px&#8220; title_font_size_last_edited=&#8220;on|tablet&#8220; title_text_shadow_style=&#8220;preset2&#8243; subhead_text_shadow_style=&#8220;preset2&#8243; button_one_border_color_hover=&#8220;#c99872&#8243; button_one_border_radius_hover=&#8220;0px&#8220; button_one_letter_spacing_hover=&#8220;3px&#8220; button_one_bg_color_hover=&#8220;#c99872&#8243; global_colors_info=&#8220;{}&#8220; button_one_text_size__hover_enabled=&#8220;off&#8220; button_two_text_size__hover_enabled=&#8220;off&#8220; button_one_text_color__hover_enabled=&#8220;off&#8220; button_two_text_color__hover_enabled=&#8220;off&#8220; button_one_border_width__hover_enabled=&#8220;off&#8220; button_two_border_width__hover_enabled=&#8220;off&#8220; button_one_border_color__hover_enabled=&#8220;on&#8220; button_one_border_color__hover=&#8220;#c99872&#8243; button_two_border_color__hover_enabled=&#8220;off&#8220; button_one_border_radius__hover_enabled=&#8220;on&#8220; button_one_border_radius__hover=&#8220;0px&#8220; button_two_border_radius__hover_enabled=&#8220;off&#8220; button_one_letter_spacing__hover_enabled=&#8220;on&#8220; button_one_letter_spacing__hover=&#8220;3px&#8220; button_two_letter_spacing__hover_enabled=&#8220;off&#8220; button_one_bg_color__hover_enabled=&#8220;on&#8220; button_one_bg_color__hover=&#8220;#c99872&#8243; button_two_bg_color__hover_enabled=&#8220;off&#8220;][\/et_pb_fullwidth_header][\/et_pb_section][et_pb_section fb_built=&#8220;1&#8243; _builder_version=&#8220;4.16&#8243; _module_preset=&#8220;default&#8220; min_height=&#8220;27px&#8220; height=&#8220;143px&#8220; max_height=&#8220;466px&#8220; custom_padding=&#8220;2px|||||&#8220; global_colors_info=&#8220;{}&#8220;][et_pb_row _builder_version=&#8220;4.16&#8243; _module_preset=&#8220;default&#8220; global_colors_info=&#8220;{}&#8220;][et_pb_column type=&#8220;4_4&#8243; _builder_version=&#8220;4.16&#8243; _module_preset=&#8220;default&#8220; global_colors_info=&#8220;{}&#8220;][et_pb_text _builder_version=&#8220;4.27.4&#8243; _module_preset=&#8220;default&#8220; global_colors_info=&#8220;{}&#8220;]<\/p>\n<p>Mein Name ist Oliver Polak. Ich mag Menschen und bin immer wieder fasziniert davon, wie komplex, einzigartig und auch \u00fcberraschend menschliche Begegnungen sein k\u00f6nnen. Ich habe mich immer schon sehr f\u00fcr andere Menschen interessiert. Das zeigt sich mitunter daran, dass mein Blick ein wenig zu lange an Passant:innen haften bleibt. Diese mir gegebene Neugier ist in der Psychotherapie von Vorteil: Die andere Person verstehen zu wollen, ohne dabei zu werten, ist ein wichtiger Teil meiner Arbeit. Gleichzeitige bringe ich andere Perspektiven ein und hinterfrage scheinbar Unverr\u00fcckbares. Die Entscheidung, ob, was und wie sie sich ver\u00e4ndern, bleibt allerdings immer bei meinen Klient:innen; das gef\u00e4llt manchen gar nicht.<\/p>\n<p>[\/et_pb_text][\/et_pb_column][\/et_pb_row][\/et_pb_section][et_pb_section fb_built=&#8220;1&#8243; _builder_version=&#8220;4.16&#8243; _module_preset=&#8220;default&#8220; custom_margin=&#8220;||-74px|||&#8220; global_colors_info=&#8220;{}&#8220;][et_pb_row column_structure=&#8220;1_2,1_2&#8243; _builder_version=&#8220;4.16&#8243; _module_preset=&#8220;default&#8220; global_colors_info=&#8220;{}&#8220;][et_pb_column type=&#8220;1_2&#8243; _builder_version=&#8220;4.16&#8243; _module_preset=&#8220;default&#8220; global_colors_info=&#8220;{}&#8220;][et_pb_text _builder_version=&#8220;4.27.4&#8243; _module_preset=&#8220;default&#8220; global_colors_info=&#8220;{}&#8220;]<\/p>\n<p>Ich mag Humor, er macht vieles ertr\u00e4glicher und das Leben leichter.<\/p>\n<p>Ein Fokus meiner Arbeit ist die Selbst-Entdeckung. Das Sp\u00fcren des K\u00f6rpers, das Wahrnehmen von Gef\u00fchlen und deren Einordnung, ist ein wesentlicher Teil des Therapieprozesses. Das kognitive Verstehen der eigenen Probleme ist oft zu wenig, um sich ver\u00e4ndern oder etwas aufl\u00f6sen zu k\u00f6nnen. F\u00fchlen ist h\u00e4ufig das Tor zur Ver\u00e4nderung.<\/p>\n<p>Auch ich habe mich in meinem Leben ver\u00e4ndert. Nach einem wirtschaftlichen Studium (immer wieder fast abgebrochen) bin ich in die IT \u201egerutscht\u201c. Nach einigen Karrierestationen dort hat mich mein Interesse am Menschen \u00fcber eine Coachingausbildung zur Psychotherapie gef\u00fchrt. Seit 2015 bin ich als Psychotherapeut t\u00e4tig, seit 2020 ausschlie\u00dflich selbstst\u00e4ndig.<\/p>\n<p>Ich bin Vater eines erwachsen Sohnes und das zweite Mal verheiratet. Ich wandere sehr gerne, mag B\u00fccher aus Papier und habe ein bescheidenes Heimkino. Au\u00dferdem trainiere ich seit einigen Jahren Taiji und bin nach wie vor enthusiastischer Anf\u00e4nger. Meine Pronomen sind er\/ihm\/ihn.<\/p>\n<p>&nbsp;<\/p>\n<p>[\/et_pb_text][\/et_pb_column][et_pb_column type=&#8220;1_2&#8243; _builder_version=&#8220;4.16&#8243; _module_preset=&#8220;default&#8220; global_colors_info=&#8220;{}&#8220;][et_pb_image src=&#8220;https:\/\/www.oliver-polak.at\/wordpress1\/wp-content\/uploads\/2022\/09\/Peloponnes.jpg&#8220; title_text=&#8220;Peloponnes&#8220; _builder_version=&#8220;4.27.4&#8243; _module_preset=&#8220;default&#8220; transform_scale=&#8220;112%|112%&#8220; custom_margin=&#8220;20px||||false|false&#8220; custom_margin_tablet=&#8220;50px||||false|false&#8220; custom_margin_phone=&#8220;23px||95px||false|false&#8220; custom_margin_last_edited=&#8220;on|phone&#8220; global_colors_info=&#8220;{}&#8220;][\/et_pb_image][\/et_pb_column][\/et_pb_row][\/et_pb_section][et_pb_section fb_built=&#8220;1&#8243; _builder_version=&#8220;4.16&#8243; _module_preset=&#8220;default&#8220; min_height=&#8220;235px&#8220; custom_margin=&#8220;0px||-138px||false|false&#8220; global_colors_info=&#8220;{}&#8220;][et_pb_row _builder_version=&#8220;4.27.4&#8243; _module_preset=&#8220;default&#8220; custom_margin=&#8220;-45px|auto||auto||&#8220; custom_margin_tablet=&#8220;&#8220; custom_margin_phone=&#8220;20px||||false|false&#8220; custom_margin_last_edited=&#8220;on|phone&#8220; global_colors_info=&#8220;{}&#8220;][et_pb_column type=&#8220;4_4&#8243; _builder_version=&#8220;4.16&#8243; _module_preset=&#8220;default&#8220; global_colors_info=&#8220;{}&#8220;][et_pb_text content_tablet=&#8220;&#8220; content_phone=&#8220;&#8220; content_last_edited=&#8220;on|phone&#8220; _builder_version=&#8220;4.27.4&#8243; _module_preset=&#8220;default&#8220; custom_margin=&#8220;-65px||||false|false&#8220; custom_margin_tablet=&#8220;&#8220; custom_margin_phone=&#8220;&#8220; custom_margin_last_edited=&#8220;on|tablet&#8220; global_colors_info=&#8220;{}&#8220;][\/et_pb_text][\/et_pb_column][\/et_pb_row][\/et_pb_section]<\/p>\n","protected":false},"excerpt":{"rendered":"<p>Mein Name ist Oliver Polak. Ich mag Menschen und bin immer wieder fasziniert davon, wie komplex, einzigartig und auch \u00fcberraschend menschliche Begegnungen sein k\u00f6nnen. Ich habe mich immer schon sehr f\u00fcr andere Menschen interessiert. Das zeigt sich mitunter daran, dass mein Blick ein wenig zu lange an Passant:innen haften bleibt. Diese mir gegebene Neugier ist [&hellip;]<\/p>\n","protected":false},"author":1,"featured_media":0,"parent":0,"menu_order":0,"comment_status":"closed","ping_status":"closed","template":"","meta":{"_et_pb_use_builder":"on","_et_pb_old_content":"","_et_gb_content_width":"","footnotes":""},"class_list":["post-693","page","type-page","status-publish","hentry"],"_links":{"self":[{"href":"https:\/\/www.oliver-polak.at\/wordpress1\/wp-json\/wp\/v2\/pages\/693","targetHints":{"allow":["GET"]}}],"collection":[{"href":"https:\/\/www.oliver-polak.at\/wordpress1\/wp-json\/wp\/v2\/pages"}],"about":[{"href":"https:\/\/www.oliver-polak.at\/wordpress1\/wp-json\/wp\/v2\/types\/page"}],"author":[{"embeddable":true,"href":"https:\/\/www.oliver-polak.at\/wordpress1\/wp-json\/wp\/v2\/users\/1"}],"replies":[{"embeddable":true,"href":"https:\/\/www.oliver-polak.at\/wordpress1\/wp-json\/wp\/v2\/comments?post=693"}],"version-history":[{"count":11,"href":"https:\/\/www.oliver-polak.at\/wordpress1\/wp-json\/wp\/v2\/pages\/693\/revisions"}],"predecessor-version":[{"id":735,"href":"https:\/\/www.oliver-polak.at\/wordpress1\/wp-json\/wp\/v2\/pages\/693\/revisions\/735"}],"wp:attachment":[{"href":"https:\/\/www.oliver-polak.at\/wordpress1\/wp-json\/wp\/v2\/media?parent=693"}],"curies":[{"name":"wp","href":"https:\/\/api.w.org\/{rel}","templated":true}]}}